





{"id":571,"date":"2022-02-15T16:52:50","date_gmt":"2022-02-15T16:52:50","guid":{"rendered":"https:\/\/occidentsummerfest.com\/resolucio-alternativa-de-conflictes\/"},"modified":"2025-07-18T13:42:42","modified_gmt":"2025-07-18T13:42:42","slug":"resolucion-alternativa-de-conflictos","status":"publish","type":"page","link":"https:\/\/occidentsummerfest.com\/es\/resolucion-alternativa-de-conflictos\/","title":{"rendered":"Resoluci\u00f3n alternativa de conflictos"},"content":{"rendered":"[vc_row type=\u00bbfull_width_background\u00bb full_screen_row_position=\u00bbmiddle\u00bb column_margin=\u00bbdefault\u00bb column_direction=\u00bbdefault\u00bb column_direction_tablet=\u00bbdefault\u00bb column_direction_phone=\u00bbdefault\u00bb scene_position=\u00bbcenter\u00bb top_margin=\u00bb50&#8243; bottom_margin=\u00bb100&#8243; bottom_margin_tablet=\u00bb50&#8243; bottom_margin_phone=\u00bb50&#8243; text_color=\u00bbdark\u00bb text_align=\u00bbleft\u00bb row_border_radius=\u00bbnone\u00bb row_border_radius_applies=\u00bbbg\u00bb overflow=\u00bbvisible\u00bb advanced_gradient_angle=\u00bb0&#8243; overlay_strength=\u00bb0.3&#8243; gradient_direction=\u00bbleft_to_right\u00bb shape_divider_position=\u00bbbottom\u00bb bg_image_animation=\u00bbnone\u00bb gradient_type=\u00bbdefault\u00bb shape_type=\u00bb\u00bb][vc_column column_padding=\u00bbno-extra-padding\u00bb column_padding_tablet=\u00bbinherit\u00bb column_padding_phone=\u00bbinherit\u00bb column_padding_position=\u00bball\u00bb column_element_spacing=\u00bbdefault\u00bb background_color_opacity=\u00bb1&#8243; background_hover_color_opacity=\u00bb1&#8243; column_shadow=\u00bbnone\u00bb column_border_radius=\u00bbnone\u00bb column_link_target=\u00bb_self\u00bb column_position=\u00bbdefault\u00bb gradient_direction=\u00bbleft_to_right\u00bb overlay_strength=\u00bb0.3&#8243; width=\u00bb1\/6&#8243; tablet_width_inherit=\u00bbdefault\u00bb tablet_text_alignment=\u00bbdefault\u00bb phone_text_alignment=\u00bbdefault\u00bb animation_type=\u00bbdefault\u00bb bg_image_animation=\u00bbnone\u00bb border_type=\u00bbsimple\u00bb column_border_width=\u00bbnone\u00bb column_border_style=\u00bbsolid\u00bb][\/vc_column][vc_column column_padding=\u00bbno-extra-padding\u00bb column_padding_tablet=\u00bbinherit\u00bb column_padding_phone=\u00bbinherit\u00bb column_padding_position=\u00bball\u00bb column_element_spacing=\u00bbdefault\u00bb background_color_opacity=\u00bb1&#8243; background_hover_color_opacity=\u00bb1&#8243; column_shadow=\u00bbnone\u00bb column_border_radius=\u00bbnone\u00bb column_link_target=\u00bb_self\u00bb column_position=\u00bbdefault\u00bb gradient_direction=\u00bbleft_to_right\u00bb overlay_strength=\u00bb0.3&#8243; width=\u00bb2\/3&#8243; tablet_width_inherit=\u00bbdefault\u00bb tablet_text_alignment=\u00bbdefault\u00bb phone_text_alignment=\u00bbdefault\u00bb animation_type=\u00bbdefault\u00bb bg_image_animation=\u00bbnone\u00bb border_type=\u00bbsimple\u00bb column_border_width=\u00bbnone\u00bb column_border_style=\u00bbsolid\u00bb][vc_column_text]\n<h3 style=\"text-align: center;\">Resoluci\u00f3n alternativa de conflictos<\/h3>\n[\/vc_column_text][divider line_type=\u00bbNo Line\u00bb custom_height=\u00bb50&#8243;][vc_column_text]<span style=\"font-weight: 400;\">Clipper\u2019s tiene una pol\u00edtica activa de resoluci\u00f3n de conflictos, por lo que pone a su servicio la atenci\u00f3n al cliente. Informamos que seg\u00fan el Art. 14.1 del Reglamento (UE)524\/2013 se ha facilitado por parte de la Comisi\u00f3n Europea una plataforma de resoluci\u00f3n de litigios en l\u00ednea que se encuentra disponible en el siguiente enlace:\u00a0<\/span><a href=\"http:\/\/ec.europa.eu\/consumers\/odr\"><span style=\"font-weight: 400;\">http:\/\/ec.europa.eu\/consumers\/odr<\/span><\/a><span style=\"font-weight: 400;\">.<\/span><\/p>\n<p><span style=\"font-weight: 400;\">Esto no obstanteCERDANYAFEST, S.L. decidir\u00e1, en cada caso, si se adhiere o no a este sistema, ya que consideramos que los conflictos pueden y deben resolverse fuera de estos \u00e1mbitos, por lo que aconsejamos que previamente a cualquier reclamaci\u00f3n utilic\u00e9is nuestro sistema de atenci\u00f3n al cliente. Gracias por vuestra comprensi\u00f3n.<\/span><\/p>\n<p><span style=\"font-weight: 400;\">\u00a0<\/span><\/p>\n<p><span style=\"font-weight: 400;\">Correo de contacto:\u00a0 info@clippersmusic.org<\/span><\/p>\n<p><span style=\"font-weight: 400;\">Tel\u00e9fono: +(34) 932 400 520<\/span><\/p>\n<p><span style=\"font-weight: 400;\">Direcci\u00f3n: Avda. Josep Tarradellas 149 pral.1\u00aa 08029 Barcelona (Espa\u00f1a)<\/span>[\/vc_column_text][\/vc_column][vc_column column_padding=\u00bbno-extra-padding\u00bb column_padding_tablet=\u00bbinherit\u00bb column_padding_phone=\u00bbinherit\u00bb column_padding_position=\u00bball\u00bb column_element_spacing=\u00bbdefault\u00bb background_color_opacity=\u00bb1&#8243; background_hover_color_opacity=\u00bb1&#8243; column_shadow=\u00bbnone\u00bb column_border_radius=\u00bbnone\u00bb column_link_target=\u00bb_self\u00bb column_position=\u00bbdefault\u00bb gradient_direction=\u00bbleft_to_right\u00bb overlay_strength=\u00bb0.3&#8243; width=\u00bb1\/6&#8243; tablet_width_inherit=\u00bbdefault\u00bb tablet_text_alignment=\u00bbdefault\u00bb phone_text_alignment=\u00bbdefault\u00bb animation_type=\u00bbdefault\u00bb bg_image_animation=\u00bbnone\u00bb border_type=\u00bbsimple\u00bb column_border_width=\u00bbnone\u00bb column_border_style=\u00bbsolid\u00bb][\/vc_column][\/vc_row]\n","protected":false},"excerpt":{"rendered":"<p>[vc_row type=\u00bbfull_width_background\u00bb full_screen_row_position=\u00bbmiddle\u00bb column_margin=\u00bbdefault\u00bb column_direction=\u00bbdefault\u00bb column_direction_tablet=\u00bbdefault\u00bb column_direction_phone=\u00bbdefault\u00bb scene_position=\u00bbcenter\u00bb top_margin=\u00bb50&#8243; bottom_margin=\u00bb100&#8243; bottom_margin_tablet=\u00bb50&#8243; bottom_margin_phone=\u00bb50&#8243; text_color=\u00bbdark\u00bb text_align=\u00bbleft\u00bb row_border_radius=\u00bbnone\u00bb row_border_radius_applies=\u00bbbg\u00bb overflow=\u00bbvisible\u00bb advanced_gradient_angle=\u00bb0&#8243; overlay_strength=\u00bb0.3&#8243; gradient_direction=\u00bbleft_to_right\u00bb shape_divider_position=\u00bbbottom\u00bb bg_image_animation=\u00bbnone\u00bb gradient_type=\u00bbdefault\u00bb shape_type=\u00bb\u00bb][vc_column column_padding=\u00bbno-extra-padding\u00bb column_padding_tablet=\u00bbinherit\u00bb column_padding_phone=\u00bbinherit\u00bb column_padding_position=\u00bball\u00bb column_element_spacing=\u00bbdefault\u00bb background_color_opacity=\u00bb1&#8243;&#8230;<\/p>\n","protected":false},"author":1,"featured_media":0,"parent":0,"menu_order":0,"comment_status":"closed","ping_status":"closed","template":"","meta":{"_acf_changed":false,"footnotes":""},"class_list":["post-571","page","type-page","status-publish"],"acf":[],"yoast_head":"<!-- This site is optimized with the Yoast SEO plugin v26.3 - https:\/\/yoast.com\/wordpress\/plugins\/seo\/ -->\n<title>Resoluci\u00f3n alternativa de conflictos - Occident Summerfest Cerdanya<\/title>\n<meta name=\"robots\" content=\"index, follow, max-snippet:-1, max-image-preview:large, max-video-preview:-1\" \/>\n<link rel=\"canonical\" href=\"https:\/\/occidentsummerfest.com\/es\/resolucion-alternativa-de-conflictos\/\" \/>\n<meta property=\"og:locale\" content=\"es_ES\" \/>\n<meta property=\"og:type\" content=\"article\" \/>\n<meta property=\"og:title\" content=\"Resoluci\u00f3n alternativa de conflictos - Occident Summerfest Cerdanya\" \/>\n<meta property=\"og:description\" content=\"[vc_row type=\u00bbfull_width_background\u00bb full_screen_row_position=\u00bbmiddle\u00bb column_margin=\u00bbdefault\u00bb column_direction=\u00bbdefault\u00bb column_direction_tablet=\u00bbdefault\u00bb column_direction_phone=\u00bbdefault\u00bb scene_position=\u00bbcenter\u00bb top_margin=\u00bb50&#8243; bottom_margin=\u00bb100&#8243; bottom_margin_tablet=\u00bb50&#8243; bottom_margin_phone=\u00bb50&#8243; text_color=\u00bbdark\u00bb text_align=\u00bbleft\u00bb row_border_radius=\u00bbnone\u00bb row_border_radius_applies=\u00bbbg\u00bb overflow=\u00bbvisible\u00bb advanced_gradient_angle=\u00bb0&#8243; overlay_strength=\u00bb0.3&#8243; gradient_direction=\u00bbleft_to_right\u00bb shape_divider_position=\u00bbbottom\u00bb bg_image_animation=\u00bbnone\u00bb gradient_type=\u00bbdefault\u00bb shape_type=\u00bb\u00bb][vc_column column_padding=\u00bbno-extra-padding\u00bb column_padding_tablet=\u00bbinherit\u00bb column_padding_phone=\u00bbinherit\u00bb column_padding_position=\u00bball\u00bb column_element_spacing=\u00bbdefault\u00bb background_color_opacity=\u00bb1&#8243;...\" \/>\n<meta property=\"og:url\" content=\"https:\/\/occidentsummerfest.com\/es\/resolucion-alternativa-de-conflictos\/\" \/>\n<meta property=\"og:site_name\" content=\"Occident Summerfest Cerdanya\" \/>\n<meta property=\"article:modified_time\" content=\"2025-07-18T13:42:42+00:00\" \/>\n<meta name=\"twitter:card\" content=\"summary_large_image\" \/>\n<meta name=\"twitter:label1\" content=\"Tiempo de lectura\" \/>\n\t<meta name=\"twitter:data1\" content=\"2 minutos\" \/>\n<script type=\"application\/ld+json\" class=\"yoast-schema-graph\">{\"@context\":\"https:\/\/schema.org\",\"@graph\":[{\"@type\":\"WebPage\",\"@id\":\"https:\/\/occidentsummerfest.com\/es\/resolucion-alternativa-de-conflictos\/\",\"url\":\"https:\/\/occidentsummerfest.com\/es\/resolucion-alternativa-de-conflictos\/\",\"name\":\"Resoluci\u00f3n alternativa de conflictos - Occident Summerfest Cerdanya\",\"isPartOf\":{\"@id\":\"https:\/\/occidentsummerfest.com\/es\/#website\"},\"datePublished\":\"2022-02-15T16:52:50+00:00\",\"dateModified\":\"2025-07-18T13:42:42+00:00\",\"inLanguage\":\"es\",\"potentialAction\":[{\"@type\":\"ReadAction\",\"target\":[\"https:\/\/occidentsummerfest.com\/es\/resolucion-alternativa-de-conflictos\/\"]}]},{\"@type\":\"WebSite\",\"@id\":\"https:\/\/occidentsummerfest.com\/es\/#website\",\"url\":\"https:\/\/occidentsummerfest.com\/es\/\",\"name\":\"Occident Summerfest Cerdanya\",\"description\":\"Occident Summerfest Cerdanya\",\"potentialAction\":[{\"@type\":\"SearchAction\",\"target\":{\"@type\":\"EntryPoint\",\"urlTemplate\":\"https:\/\/occidentsummerfest.com\/es\/?s={search_term_string}\"},\"query-input\":{\"@type\":\"PropertyValueSpecification\",\"valueRequired\":true,\"valueName\":\"search_term_string\"}}],\"inLanguage\":\"es\"}]}<\/script>\n<!-- \/ Yoast SEO plugin. -->","yoast_head_json":{"title":"Resoluci\u00f3n alternativa de conflictos - Occident Summerfest Cerdanya","robots":{"index":"index","follow":"follow","max-snippet":"max-snippet:-1","max-image-preview":"max-image-preview:large","max-video-preview":"max-video-preview:-1"},"canonical":"https:\/\/occidentsummerfest.com\/es\/resolucion-alternativa-de-conflictos\/","og_locale":"es_ES","og_type":"article","og_title":"Resoluci\u00f3n alternativa de conflictos - Occident Summerfest Cerdanya","og_description":"[vc_row type=\u00bbfull_width_background\u00bb full_screen_row_position=\u00bbmiddle\u00bb column_margin=\u00bbdefault\u00bb column_direction=\u00bbdefault\u00bb column_direction_tablet=\u00bbdefault\u00bb column_direction_phone=\u00bbdefault\u00bb scene_position=\u00bbcenter\u00bb top_margin=\u00bb50&#8243; bottom_margin=\u00bb100&#8243; bottom_margin_tablet=\u00bb50&#8243; bottom_margin_phone=\u00bb50&#8243; text_color=\u00bbdark\u00bb text_align=\u00bbleft\u00bb row_border_radius=\u00bbnone\u00bb row_border_radius_applies=\u00bbbg\u00bb overflow=\u00bbvisible\u00bb advanced_gradient_angle=\u00bb0&#8243; overlay_strength=\u00bb0.3&#8243; gradient_direction=\u00bbleft_to_right\u00bb shape_divider_position=\u00bbbottom\u00bb bg_image_animation=\u00bbnone\u00bb gradient_type=\u00bbdefault\u00bb shape_type=\u00bb\u00bb][vc_column column_padding=\u00bbno-extra-padding\u00bb column_padding_tablet=\u00bbinherit\u00bb column_padding_phone=\u00bbinherit\u00bb column_padding_position=\u00bball\u00bb column_element_spacing=\u00bbdefault\u00bb background_color_opacity=\u00bb1&#8243;...","og_url":"https:\/\/occidentsummerfest.com\/es\/resolucion-alternativa-de-conflictos\/","og_site_name":"Occident Summerfest Cerdanya","article_modified_time":"2025-07-18T13:42:42+00:00","twitter_card":"summary_large_image","twitter_misc":{"Tiempo de lectura":"2 minutos"},"schema":{"@context":"https:\/\/schema.org","@graph":[{"@type":"WebPage","@id":"https:\/\/occidentsummerfest.com\/es\/resolucion-alternativa-de-conflictos\/","url":"https:\/\/occidentsummerfest.com\/es\/resolucion-alternativa-de-conflictos\/","name":"Resoluci\u00f3n alternativa de conflictos - Occident Summerfest Cerdanya","isPartOf":{"@id":"https:\/\/occidentsummerfest.com\/es\/#website"},"datePublished":"2022-02-15T16:52:50+00:00","dateModified":"2025-07-18T13:42:42+00:00","inLanguage":"es","potentialAction":[{"@type":"ReadAction","target":["https:\/\/occidentsummerfest.com\/es\/resolucion-alternativa-de-conflictos\/"]}]},{"@type":"WebSite","@id":"https:\/\/occidentsummerfest.com\/es\/#website","url":"https:\/\/occidentsummerfest.com\/es\/","name":"Occident Summerfest Cerdanya","description":"Occident Summerfest Cerdanya","potentialAction":[{"@type":"SearchAction","target":{"@type":"EntryPoint","urlTemplate":"https:\/\/occidentsummerfest.com\/es\/?s={search_term_string}"},"query-input":{"@type":"PropertyValueSpecification","valueRequired":true,"valueName":"search_term_string"}}],"inLanguage":"es"}]}},"_links":{"self":[{"href":"https:\/\/occidentsummerfest.com\/es\/wp-json\/wp\/v2\/pages\/571","targetHints":{"allow":["GET"]}}],"collection":[{"href":"https:\/\/occidentsummerfest.com\/es\/wp-json\/wp\/v2\/pages"}],"about":[{"href":"https:\/\/occidentsummerfest.com\/es\/wp-json\/wp\/v2\/types\/page"}],"author":[{"embeddable":true,"href":"https:\/\/occidentsummerfest.com\/es\/wp-json\/wp\/v2\/users\/1"}],"replies":[{"embeddable":true,"href":"https:\/\/occidentsummerfest.com\/es\/wp-json\/wp\/v2\/comments?post=571"}],"version-history":[{"count":7,"href":"https:\/\/occidentsummerfest.com\/es\/wp-json\/wp\/v2\/pages\/571\/revisions"}],"predecessor-version":[{"id":5117,"href":"https:\/\/occidentsummerfest.com\/es\/wp-json\/wp\/v2\/pages\/571\/revisions\/5117"}],"wp:attachment":[{"href":"https:\/\/occidentsummerfest.com\/es\/wp-json\/wp\/v2\/media?parent=571"}],"curies":[{"name":"wp","href":"https:\/\/api.w.org\/{rel}","templated":true}]}}